{"id":3,"date":"2019-10-06T11:25:09","date_gmt":"2019-10-06T11:25:09","guid":{"rendered":"http:\/\/step2digital.net\/?page_id=3"},"modified":"2022-09-05T20:10:52","modified_gmt":"2022-09-05T20:10:52","slug":"privacy-policy","status":"publish","type":"page","link":"https:\/\/step2digital.com\/bs\/privacy-policy\/","title":{"rendered":"Privacy Policy"},"content":{"rendered":"<p>Ova Politika privatnosti opisuje na\u0161e politike i postupke o prikupljanju, kori\u0161tenju i otkrivanju va\u0161ih podataka kada koristite Uslugu i govori vam o va\u0161im pravima na privatnost i kako vas zakon \u0161titi.<\/p>\n\n\n\n<p>Va\u0161e osobne podatke koristimo za pru\u017eanje i pobolj\u0161anje usluge. Kori\u0161tenjem Usluge pristajete na prikupljanje i upotrebu podataka u skladu s ovom Politikom privatnosti. Ova Politika privatnosti kreirana je uz pomo\u0107 Generatora politike privatnosti.<\/p>\n\n\n\n<h2 class=\"wp-block-heading\" id=\"h-tuma-enje-i-definicije\">Tuma\u010denje i Definicije<\/h2>\n\n\n\n<h2 class=\"wp-block-heading\" id=\"h-tuma-enje\">Tuma\u010denje<\/h2>\n\n\n\n<p>Rije\u010di kojima je po\u010detno slovo napisano velikim slovima imaju zna\u010denja definirana pod sljede\u0107im uvjetima. Sljede\u0107e definicije imat \u0107e isto zna\u010denje bez obzira da li se pojavljuju u jednini ili u mno\u017eini.<\/p>\n\n\n\n<h2 class=\"wp-block-heading\" id=\"h-definicije\">Definicije<\/h2>\n\n\n\n<p>Za potrebe ove politike privatnosti:<\/p>\n\n\n\n<ul class=\"wp-block-list\"><li>Ra\u010dun zna\u010di jedinstveni ra\u010dun kreiran za vas da biste pristupili na\u0161oj Usluzi ili dijelovima na\u0161e Usluge.<\/li><li>Kompanija (koja se u ovom Ugovoru naziva ili \u201ekompanija\u201c, \u201emi\u201c, \u201emi\u201c ili \u201ena\u0161a\u201c) odnosi se na Step2Digital, Ulica Oslobo\u0111enja bb, \u017divinice 75270.<\/li><li>Kola\u010di\u0107i su male datoteke koje web lokacija stavlja na va\u0161 ra\u010dunar, mobilni ure\u0111aj ili bilo koji drugi ure\u0111aj, a sadr\u017ei pojedinosti o va\u0161oj istoriji pregledavanja na toj web lokaciji me\u0111u mnogim njenim upotrebama.<\/li><li>Dr\u017eava se odnosi na: Bosnu i Hercegovinu<\/li><li>Ure\u0111aj zna\u010di bilo koji ure\u0111aj koji mo\u017ee pristupiti Usluzi, poput ra\u010dunara, mobilnog telefona ili digitalnog tableta.<\/li><li>Li\u010dni podaci su bilo koje informacije koje se odnose na identifikovanu ili identifikovanu osobu.<\/li><li>Usluga se odnosi na web stranicu.<\/li><li>Dobavlja\u010d usluga ozna\u010dava bilo koju fizi\u010dku ili pravnu osobu koja obra\u0111uje podatke u ime Kompanije. Odnosi se na nezavisne kompanije ili pojedince zaposlene u Kompaniji radi olak\u0161avanja Usluge, pru\u017eanja Usluge u ime Kompanije, obavljanja usluga povezanih sa Uslugom ili pru\u017eanja pomo\u0107i Kompaniji u analizi kako se Usluga koristi.<\/li><li>Podaci o upotrebi odnose se na podatke prikupljene automatski, generirane kori\u0161tenjem usluge ili od same infrastrukture usluge (na primjer, trajanje posjeta stranici).<\/li><li>Web stranica se odnosi na Butik Selimovi\u0107, kojoj se mo\u017ee pristupiti sa butikselimovic.ba<\/li><li>Mislite na pojedinca koji pristupa ili koristi Uslugu, ili na kompaniju ili na drugo pravno lice u ime kojeg takvo lice pristupa ili koristi Uslugu, kako je primenljivo.<\/li><\/ul>\n\n\n\n<h2 class=\"wp-block-heading\" id=\"h-prikupljanje-i-upotreba-va-ih-li-nih-podataka\">Prikupljanje i upotreba va\u0161ih li\u010dnih podataka<\/h2>\n\n\n\n<h2 class=\"wp-block-heading\" id=\"h-vrste-prikupljenih-podataka\">Vrste prikupljenih podataka<\/h2>\n\n\n\n<h2 class=\"wp-block-heading\" id=\"h-li-ni-podaci\">Li\u010dni podaci<\/h2>\n\n\n\n<p>Dok koristimo na\u0161u uslugu, mo\u017eda \u0107emo od vas tra\u017eiti da nam dostavite odre\u0111ene podatke koji mogu identificirati osobe pomo\u0107u kojih vas mo\u017eemo kontaktirati ili identificirati. Podaci koji mogu li\u010dno identificirati mogu uklju\u010divati, ali nisu ograni\u010deni na:<\/p>\n\n\n\n<ul class=\"wp-block-list\"><li>Email adresa<\/li><li>Ime i Prezime<\/li><li>Telefonski broj<\/li><li>Adresa, dr\u017eava, pokrajina, po\u0161tanski broj, grad<\/li><\/ul>\n\n\n\n<h2 class=\"wp-block-heading\" id=\"h-podaci-o-upotrebi\">Podaci o upotrebi<\/h2>\n\n\n\n<p>Podaci o upotrebi prikupljaju se automatski kada se koristi Usluga.<\/p>\n\n\n\n<p>Podaci o upotrebi mogu sadr\u017eavati informacije kao \u0161to su adresa internetskog protokola va\u0161eg ure\u0111aja (npr. IP adresa), vrsta pregleda\u010da, verzija pregleda\u010da, stranice na\u0161eg servisa koji posje\u0107ujete, vrijeme i datum va\u0161e posjete, vrijeme provedeno na tim stranicama, jedinstveni ure\u0111aj identifikatori i drugi dijagnosti\u010dki podaci.<\/p>\n\n\n\n<p>Kada Usluzi pristupite putem mobilnog ure\u0111aja ili putem njega, mo\u017eemo automatski prikupljati odre\u0111ene informacije, uklju\u010duju\u0107i, ali ne ograni\u010davaju\u0107i se na vrstu mobilnog ure\u0111aja koji koristite, jedinstveni ID va\u0161eg mobilnog ure\u0111aja, IP adresu va\u0161eg mobilnog ure\u0111aja, va\u0161 mobilni ure\u0111aj operativni sistem, tip mobilnog Internet pretra\u017eiva\u010da koji koristite, jedinstvene identifikatore ure\u0111aja i druge dijagnosti\u010dke podatke.<\/p>\n\n\n\n<p>Tako\u0111e mo\u017eemo prikupljati informacije koje va\u0161 pregleda\u010d \u0161alje kad god posjetite na\u0161u uslugu ili kada joj pristupite putem mobilnog ure\u0111aja.<\/p>\n\n\n\n<h2 class=\"wp-block-heading\" id=\"h-tehnologije-pra-enja-i-kola-i-i\">Tehnologije pra\u0107enja i kola\u010di\u0107i<\/h2>\n\n\n\n<p>Kola\u010di\u0107e i sli\u010dne tehnologije pra\u0107enja koristimo za pra\u0107enje aktivnosti u na\u0161oj usluzi i \u010duvanje odre\u0111enih podataka. Kori\u0161tene tehnologije pra\u0107enja su svjetionici, oznake i skripte za prikupljanje i pra\u0107enje informacija te za pobolj\u0161anje i analizu na\u0161e usluge. Tehnologije koje koristimo mogu uklju\u010divati:<\/p>\n\n\n\n<ul class=\"wp-block-list\"><li>Kola\u010di\u0107i ili kola\u010di\u0107i pretra\u017eiva\u010da. Kola\u010di\u0107 je mala datoteka smje\u0161tena na Va\u0161em Ure\u0111aju. Mo\u017eete nalo\u017eiti svom pregleda\u010du da odbije sve kola\u010di\u0107e ili da nazna\u010di kada se kola\u010di\u0107 \u0161alje. Me\u0111utim, ako ne prihvatite kola\u010di\u0107e, mo\u017eda ne\u0107ete mo\u0107i koristiti neke dijelove na\u0161e usluge. Ako niste prilagodili postavke svog pretra\u017eiva\u010da tako da odbija kola\u010di\u0107e, na\u0161a usluga mo\u017ee koristiti kola\u010di\u0107e.<\/li><li>Flash kola\u010di\u0107i. Odre\u0111ene funkcije na\u0161e Usluge mogu koristiti lokalno pohranjene objekte (ili Flash kola\u010di\u0107e) za prikupljanje i \u010duvanje podataka o Va\u0161im preferencijama ili Va\u0161im aktivnostima na na\u0161oj Usluzi. Flash kola\u010di\u0107ima ne upravljaju iste postavke pregleda\u010da kao one koje se koriste za kola\u010di\u0107e pregleda\u010da. Za vi\u0161e informacija o tome kako mo\u017eete izbrisati Flash kola\u010di\u0107e, pro\u010ditajte \u201cGdje mogu promijeniti postavke za onemogu\u0107avanje ili brisanje lokalnih dijeljenih objekata?\u201d dostupno na&nbsp;<a href=\"https:\/\/helpx.adobe.com\/flash-player\/kb\/disable-local-shared-objects-flash.html#main_Where_can_I_change_the_settings_for_disabling__or_deleting_local_shared_objects_\">https:\/\/helpx.adobe.com\/flash-player\/kb\/disable-local-shared-objects-flash.html#main_Where_can_I_change_the_settings_for_disabling__or_deleting_local_shared_objects_<\/a><\/li><li>Web beacons. Pojedini odjeljci na\u0161e Usluge i na\u0161e e-adrese mogu sadr\u017eavati male elektroni\u010dke datoteke poznate kao web-svjetionici (koji se nazivaju i jasni gifovi, oznake piksela i gif-ovi s jednim pikselom) koji omogu\u0107avaju kompaniji, na primjer, brojanje korisnika koji su posjetili te stranice ili otvorio e-po\u0161tu i za druge povezane statistike web stranica (na primjer, bilje\u017eenje popularnosti odre\u0111enog odjeljka i provjera integriteta sistema i poslu\u017eitelja).<\/li><\/ul>\n\n\n\n<p>Kola\u010di\u0107i mogu biti \u201cTrajni\u201d ili \u201cSession\u201d kola\u010di\u0107i. Stalni kola\u010di\u0107i ostaju na va\u0161em li\u010dnom ra\u010dunaru ili mobilnom ure\u0111aju kada odete van mre\u017ee, dok se kola\u010di\u0107i sesije bri\u0161u \u010dim zatvorite web pregleda\u010d. Ovdje mo\u017eete saznati vi\u0161e o kola\u010di\u0107ima:&nbsp;<a href=\"https:\/\/www.termsfeed.com\/blog\/cookies\/\">All About Cookies by TermsFeed<\/a>.<\/p>\n\n\n\n<ul class=\"wp-block-list\"><li>Potrebni \/ osnovni kola\u010di\u0107i<\/li><\/ul>\n\n\n\n<p>Tip: kola\u010di\u0107i sesije<\/p>\n\n\n\n<p>Administrira: Mi<\/p>\n\n\n\n<p>Svrha: Ovi kola\u010di\u0107i su od su\u0161tinske va\u017enosti za pru\u017eanje usluga dostupnih putem web stranice i omogu\u0107avanje kori\u0161tenja nekih njegovih karakteristika. Poma\u017eu u autentifikaciji korisnika i spre\u010davaju prevarnu upotrebu korisni\u010dkih ra\u010duna. Bez ovih kola\u010di\u0107a ne mogu se pru\u017eati usluge koje ste zatra\u017eili i mi ih koristimo samo da bismo vam pru\u017eili te usluge.<\/p>\n\n\n\n<ul class=\"wp-block-list\"><li>Politika kola\u010di\u0107a \/ Prihva\u0107anje obavijesti o kola\u010di\u0107ima<\/li><\/ul>\n\n\n\n<p>Tip: Trajni kola\u010di\u0107i<\/p>\n\n\n\n<p>Administrira: Mi<\/p>\n\n\n\n<p>Svrha: Ovi kola\u010di\u0107i identifikuju da li su korisnici prihvatili upotrebu kola\u010di\u0107a na veb lokaciji.<\/p>\n\n\n\n<ul class=\"wp-block-list\"><li>Kola\u010di\u0107i funkcionalnosti<\/li><\/ul>\n\n\n\n<p>Tip: Trajni kola\u010di\u0107i<\/p>\n\n\n\n<p>Administrira: Mi<\/p>\n\n\n\n<p>Svrha: Ovi kola\u010di\u0107i nam omogu\u0107avaju da zapamtimo izbore koje donosite kada koristite Veb lokaciju, kao \u0161to je pam\u0107enje va\u0161ih podataka za prijavu ili \u017eeljenih jezika. Svrha ovih kola\u010di\u0107a je pru\u017eiti vam osobnije iskustvo i izbje\u0107i da morate ponovo unositi svoje postavke svaki put kada koristite web stranicu.<\/p>\n\n\n\n<p>Za vi\u0161e informacija o kola\u010di\u0107ima koje koristimo i va\u0161im izborima u vezi s kola\u010di\u0107ima, posjetite na\u0161u Politiku kola\u010di\u0107a ili odjeljak Kola\u010di\u0107i na\u0161e Politike privatnosti.<\/p>\n\n\n\n<h2 class=\"wp-block-heading\" id=\"h-kori-tenje-va-ih-li-nih-podataka\">Kori\u0161tenje va\u0161ih li\u010dnih podataka<\/h2>\n\n\n\n<p>Kompanija mo\u017ee koristiti li\u010dne podatke u slede\u0107e svrhe:<\/p>\n\n\n\n<ul class=\"wp-block-list\"><li>Pru\u017eanje i odr\u017eavanje na\u0161e usluge, uklju\u010duju\u0107i nadgledanje upotrebe na\u0161e usluge.<\/li><li>Za upravljanje Va\u0161im ra\u010dunom: za upravljanje Va\u0161om registracijom kao korisnika Usluge. Li\u010dni podaci koje pru\u017eate mogu vam omogu\u0107iti pristup razli\u010ditim funkcionalnostima Usluge koje su vam dostupne kao registrovani korisnik.<\/li><li>Za izvr\u0161enje ugovora: razvoj, uskla\u0111enost i preduzimanje ugovora o kupovini proizvoda, predmeta ili usluga koje ste kupili ili bilo kog drugog ugovora s nama putem Usluge.<\/li><li>Da vas kontaktiram: da vas kontaktiram e-po\u0161tom, telefonskim pozivima, SMS-om ili drugim ekvivalentnim oblicima elektronske komunikacije, kao \u0161to su push obave\u0161tenja mobilne aplikacije u vezi sa a\u017euriranjima ili informativne komunikacije povezane sa funkcionalnostima, proizvodima ili ugovorenim uslugama, uklju\u010duju\u0107i sigurnosna a\u017euriranja, kada je potrebno ili razumno za njihovu primenu.<\/li><li>Da bismo vam pru\u017eili vijesti, posebne ponude i op\u0107e informacije o drugoj robi, uslugama i doga\u0111ajima koje nudimo sli\u010dne onima koje ste ve\u0107 kupili ili ste se raspitali o njima, osim ako niste odlu\u010dili da ne\u0107ete primati takve informacije.<\/li><li>Za upravljanje Va\u0161im zahtjevima: Prisustvovati i upravljati Va\u0161im zahtjevima za nas.<\/li><li>Za poslovne transfere: Va\u0161e podatke mo\u017eemo koristiti za procjenu ili provo\u0111enje spajanja, otu\u0111enja, restrukturiranja, reorganizacije, raspu\u0161tanja ili druge prodaje ili prijenosa neke ili cijele na\u0161e imovine, bilo kao trajno poslovanje ili kao dio bankrota, likvidacije, ili sli\u010dan postupak, u kojem su Osobni podaci koje posjedujemo o korisnicima na\u0161ih usluga me\u0111u prenesenim sredstvima.<\/li><li>U druge svrhe: Va\u0161e podatke mo\u017eemo koristiti u druge svrhe, kao \u0161to su analiza podataka, identificiranje trendova upotrebe, odre\u0111ivanje efikasnosti na\u0161ih promotivnih kampanja i procjena i pobolj\u0161anje na\u0161e Usluge, proizvoda, usluga, marketinga i va\u0161eg iskustva.<\/li><\/ul>\n\n\n\n<p>Va\u0161e li\u010dne podatke mo\u017eemo deliti u slede\u0107im situacijama:<\/p>\n\n\n\n<ul class=\"wp-block-list\"><li>Sa dobavlja\u010dima usluga: Va\u0161e li\u010dne podatke mo\u017eemo deliti sa dobavlja\u010dima usluga kako bismo nadzirali i analizirali upotrebu na\u0161e usluge i kontaktirali vas.<\/li><li>Za poslovne transfere: Va\u0161e li\u010dne podatke mo\u017eemo deliti ili prenositi u vezi sa bilo kojim spajanjem, prodajom imovine kompanije, finansiranjem ili sticanjem celokupnog ili dela na\u0161eg poslovanja drugoj kompaniji ili tokom pregovora sa njom.<\/li><li>Sa povezanim dru\u0161tvima: Va\u0161e podatke mo\u017eemo podijeliti s na\u0161im povezanim dru\u0161tvima, u kojem slu\u010daju \u0107emo od tih povezanih dru\u0161tava zahtijevati po\u0161tivanje ove politike privatnosti.<\/li><li>Pridru\u017eena dru\u0161tva uklju\u010duju na\u0161u mati\u010dnu kompaniju i sve druge podru\u017enice, partnere u zajedni\u010dkom ulaganju ili druge kompanije koje Mi kontroliramo ili su pod zajedni\u010dkom kontrolom s nama.<\/li><li>Sa poslovnim partnerima: Va\u0161e podatke mo\u017eemo podijeliti s na\u0161im poslovnim partnerima kako bismo vam ponudili odre\u0111ene proizvode, usluge ili promocije.<\/li><li>S drugim korisnicima: kada dijelite li\u010dne podatke ili na drugi na\u010din komunicirate na javnim povr\u0161inama s drugim korisnicima, takve informacije mogu pregledati svi korisnici i mogu se javno distribuirati vani.<\/li><li>Uz va\u0161 pristanak: Va\u0161e li\u010dne podatke mo\u017eemo otkriti u bilo koje druge svrhe uz va\u0161 pristanak.<\/li><\/ul>\n\n\n\n<h2 class=\"wp-block-heading\" id=\"h-zadr-avanja-va-ih-li-nih-podataka\">Zadr\u017eavanja va\u0161ih li\u010dnih podataka<\/h2>\n\n\n\n<p>Kompanija \u0107e zadr\u017eati va\u0161e li\u010dne podatke samo onoliko dugo koliko je potrebno za svrhe navedene u ovoj Politici privatnosti.<\/p>\n\n\n\n<p>Zadr\u017eat \u0107emo i koristiti Va\u0161e osobne podatke u onoj mjeri u kojoj je potrebno da se pridr\u017eavamo na\u0161ih zakonskih obaveza (na primjer, ako moramo da zadr\u017eimo va\u0161e podatke u skladu sa va\u017ee\u0107im zakonima), rje\u0161avamo sporove i provodimo na\u0161e pravne sporazume i politike.<\/p>\n\n\n\n<p>Kompanija \u0107e tako\u0111e zadr\u017eati podatke o upotrebi za potrebe interne analize. Podaci o upotrebi obi\u010dno se \u010duvaju kra\u0107e vremensko razdoblje, osim kada se ti podaci koriste za ja\u010danje sigurnosti ili pobolj\u0161anje funkcionalnosti na\u0161e usluge ili smo zakonski du\u017eni te podatke \u010duvati du\u017ee vrijeme.<\/p>\n\n\n\n<h2 class=\"wp-block-heading\" id=\"h-prijenos-va-ih-li-nih-podataka\">Prijenos va\u0161ih li\u010dnih podataka<\/h2>\n\n\n\n<p>Va\u0161i podaci, uklju\u010duju\u0107i li\u010dne podatke, obra\u0111uju se u operativnim uredima Kompanije i na bilo kojim drugim mjestima na kojima se nalaze strane uklju\u010dene u obradu.<\/p>\n\n\n\n<p>To zna\u010di da se ove informacije mogu prenijeti \u2013 i odr\u017eavati na \u2013 ra\u010dunarima koji se nalaze izvan va\u0161e dr\u017eave, pokrajine, dr\u017eave ili neke druge dr\u017eavne vlasti, gdje se zakoni o za\u0161titi podataka mogu razlikovati od onih iz va\u0161e nadle\u017enosti.<\/p>\n\n\n\n<p>Va\u0161 pristanak na ovu Politiku privatnosti, nakon \u010dega slijedi podno\u0161enje takvih podataka, predstavlja pristanak na taj prijenos.<\/p>\n\n\n\n<p>Kompanija \u0107e poduzeti sve razumno potrebne korake kako bi osigurala da se sa va\u0161im podacima postupa sigurno i u skladu s ovom Politikom privatnosti i ne\u0107e se izvr\u0161iti prijenos va\u0161ih li\u010dnih podataka u organizaciju ili zemlju, osim ako postoje odgovaraju\u0107e kontrole, uklju\u010duju\u0107i sigurnost podataka. Va\u0161i podaci i ostali li\u010dni podaci.<\/p>\n\n\n\n<h2 class=\"wp-block-heading\" id=\"h-otkrivanje-va-ih-li-nih-podataka\">Otkrivanje va\u0161ih li\u010dnih podataka<\/h2>\n\n\n\n<h2 class=\"wp-block-heading\" id=\"h-poslovne-transakcije\">Poslovne transakcije<\/h2>\n\n\n\n<p>Ako je Kompanija uklju\u010dena u spajanje, pripajanje ili prodaju imovine, Va\u0161i li\u010dni podaci mogu se prenijeti. Obavijestit \u0107emo vas prije nego \u0161to se va\u0161i li\u010dni podaci prenesu i postanu predmetom druga\u010dije politike privatnosti.<\/p>\n\n\n\n<h2 class=\"wp-block-heading\" id=\"h-provo-enje-zakona\">Provo\u0111enje zakona<\/h2>\n\n\n\n<p>Pod odre\u0111enim okolnostima, od Kompanije se mo\u017ee zatra\u017eiti da otkrije va\u0161e li\u010dne podatke ako to zahtijeva zakon ili kao odgovor na valjane zahtjeve javnih vlasti (npr. Suda ili vladine agencije).<\/p>\n\n\n\n<h2 class=\"wp-block-heading\" id=\"h-ostali-zakonski-zahtjevi\">Ostali zakonski zahtjevi<\/h2>\n\n\n\n<p>Kompanija mo\u017ee otkriti va\u0161e li\u010dne podatke u dobroj vjeri da je takva radnja neophodna za:<\/p>\n\n\n\n<ul class=\"wp-block-list\"><li>Pridr\u017eavajte se zakonske obaveze<\/li><li>Za\u0161titite i branite prava ili imovinu Kompanije<\/li><li>Sprije\u010dite ili istra\u017eite mogu\u0107e nezakonite radnje u vezi sa Uslugom<\/li><li>Za\u0161titite li\u010dnu sigurnost korisnika usluge ili javnosti<\/li><li>Za\u0161titite se od pravne odgovornosti<\/li><\/ul>\n\n\n\n<h2 class=\"wp-block-heading\" id=\"h-sigurnost-va-ih-li-nih-podataka\">Sigurnost va\u0161ih li\u010dnih podataka<\/h2>\n\n\n\n<p>Sigurnost va\u0161ih li\u010dnih podataka nama je va\u017ena, ali imajte na umu da nijedan na\u010din prijenosa putem Interneta ili na\u010din elektroni\u010dkog pohranjivanja nije 100% siguran. Iako se trudimo da koristimo komercijalno prihvatljiva sredstva za za\u0161titu va\u0161ih li\u010dnih podataka, ne mo\u017eemo garantovati njegovu apsolutnu sigurnost.<\/p>\n\n\n\n<h2 class=\"wp-block-heading\" id=\"h-dje-ija-privatnost\">Dje\u010dija privatnost<\/h2>\n\n\n\n<p>Na\u0161a se slu\u017eba ne obra\u0107a nikome mla\u0111em od 13 godina. Svjesno ne prikupljamo podatke koji otkrivaju identitet osobe mla\u0111e od 13 godina. Ako ste roditelj ili staratelj i svjesni ste da nam je va\u0161e dijete dalo li\u010dne podatke, molimo vas Kontaktiraj nas. Ako saznamo da smo prikupljali li\u010dne podatke od bilo koga mla\u0111eg od 13 godina bez potvrde roditeljskog pristanka, poduzimamo korake za uklanjanje tih podataka sa na\u0161ih servera.<\/p>\n\n\n\n<p>Ako se trebamo pouzdati u pristanak kao pravnu osnovu za obradu va\u0161ih podataka, a va\u0161a zemlja zahtijeva pristanak roditelja, mo\u017eemo zatra\u017eiti pristanak va\u0161eg roditelja prije nego \u0161to prikupimo i koristimo te podatke.<\/p>\n\n\n\n<h2 class=\"wp-block-heading\" id=\"h-mre-e-do-drugih-web-lokacija\">Mre\u017ee do drugih web lokacija<\/h2>\n\n\n\n<p>Na\u0161a usluga mo\u017ee sadr\u017eavati veze do drugih web lokacija kojima mi ne upravljamo. Ako kliknete na vezu tre\u0107e strane, bit \u0107ete preusmjereni na web mjesto te tre\u0107e strane. Preporu\u010dujemo vam da pregledate Politiku privatnosti svake web stranice koju posjetite.<\/p>\n\n\n\n<p>Nemamo kontrolu i ne preuzimamo nikakvu odgovornost za sadr\u017eaj, politike privatnosti ili prakse bilo kojih web lokacija ili usluga tre\u0107ih strana.<\/p>\n\n\n\n<h2 class=\"wp-block-heading\" id=\"h-izmjene-ove-politike-privatnosti\">Izmjene ove politike privatnosti<\/h2>\n\n\n\n<p>S vremena na vrijeme mo\u017eemo a\u017eurirati na\u0161u Politiku privatnosti. Obavijestit \u0107emo vas o svim promjenama objavljivanjem nove Politike privatnosti na ovoj stranici.<\/p>\n\n\n\n<p>Obavijestit \u0107emo vas putem e-po\u0161te i \/ ili istaknutog obavje\u0161tenja na na\u0161oj usluzi, prije nego \u0161to promjena stupi na snagu i a\u017eurirati datum \u201cPosljednje a\u017euriranje\u201d na vrhu ove Politike privatnosti.<\/p>\n\n\n\n<p>Savjetujemo vam da povremeno pregledavate ovu Politiku privatnosti radi bilo kakvih promjena. Promjene ove Politike privatnosti stupaju na snagu kada se objave na ovoj stranici.<\/p>\n\n\n\n<h2 class=\"wp-block-heading\" id=\"h-kontaktirajte-nas\">Kontaktirajte nas<\/h2>\n\n\n\n<p>Ako imate bilo kakvih pitanja u vezi s ovom Politikom privatnosti, mo\u017eete nas kontaktirati:<\/p>\n\n\n\n<p>info@step2digital.net<\/p>","protected":false},"excerpt":{"rendered":"<p>Ova Politika privatnosti opisuje na\u0161e politike i postupke o prikupljanju, kori\u0161tenju i otkrivanju va\u0161ih podataka kada koristite Uslugu i govori vam o va\u0161im pravima na privatnost i kako vas zakon \u0161titi. Va\u0161e osobne podatke koristimo za pru\u017eanje i pobolj\u0161anje usluge. Kori\u0161tenjem Usluge pristajete na prikupljanje i upotrebu podataka u skladu s ovom Politikom privatnosti. Ova [&hellip;]<\/p>","protected":false},"author":3,"featured_media":0,"parent":0,"menu_order":0,"comment_status":"closed","ping_status":"closed","template":"","meta":{"ocean_post_layout":"","ocean_both_sidebars_style":"","ocean_both_sidebars_content_width":0,"ocean_both_sidebars_sidebars_width":0,"ocean_sidebar":"0","ocean_second_sidebar":"0","ocean_disable_margins":"enable","ocean_add_body_class":"","ocean_shortcode_before_top_bar":"","ocean_shortcode_after_top_bar":"","ocean_shortcode_before_header":"","ocean_shortcode_after_header":"","ocean_has_shortcode":"","ocean_shortcode_after_title":"","ocean_shortcode_before_footer_widgets":"","ocean_shortcode_after_footer_widgets":"","ocean_shortcode_before_footer_bottom":"","ocean_shortcode_after_footer_bottom":"","ocean_display_top_bar":"default","ocean_display_header":"default","ocean_header_style":"","ocean_center_header_left_menu":"0","ocean_custom_header_template":"0","ocean_custom_logo":0,"ocean_custom_retina_logo":0,"ocean_custom_logo_max_width":0,"ocean_custom_logo_tablet_max_width":0,"ocean_custom_logo_mobile_max_width":0,"ocean_custom_logo_max_height":0,"ocean_custom_logo_tablet_max_height":0,"ocean_custom_logo_mobile_max_height":0,"ocean_header_custom_menu":"0","ocean_menu_typo_font_family":"0","ocean_menu_typo_font_subset":"","ocean_menu_typo_font_size":0,"ocean_menu_typo_font_size_tablet":0,"ocean_menu_typo_font_size_mobile":0,"ocean_menu_typo_font_size_unit":"px","ocean_menu_typo_font_weight":"","ocean_menu_typo_font_weight_tablet":"","ocean_menu_typo_font_weight_mobile":"","ocean_menu_typo_transform":"","ocean_menu_typo_transform_tablet":"","ocean_menu_typo_transform_mobile":"","ocean_menu_typo_line_height":0,"ocean_menu_typo_line_height_tablet":0,"ocean_menu_typo_line_height_mobile":0,"ocean_menu_typo_line_height_unit":"","ocean_menu_typo_spacing":0,"ocean_menu_typo_spacing_tablet":0,"ocean_menu_typo_spacing_mobile":0,"ocean_menu_typo_spacing_unit":"","ocean_menu_link_color":"","ocean_menu_link_color_hover":"","ocean_menu_link_color_active":"","ocean_menu_link_background":"","ocean_menu_link_hover_background":"","ocean_menu_link_active_background":"","ocean_menu_social_links_bg":"","ocean_menu_social_hover_links_bg":"","ocean_menu_social_links_color":"","ocean_menu_social_hover_links_color":"","ocean_disable_title":"default","ocean_disable_heading":"default","ocean_post_title":"","ocean_post_subheading":"","ocean_post_title_style":"","ocean_post_title_background_color":"","ocean_post_title_background":0,"ocean_post_title_bg_image_position":"","ocean_post_title_bg_image_attachment":"","ocean_post_title_bg_image_repeat":"","ocean_post_title_bg_image_size":"","ocean_post_title_height":0,"ocean_post_title_bg_overlay":0.5,"ocean_post_title_bg_overlay_color":"","ocean_disable_breadcrumbs":"default","ocean_breadcrumbs_color":"","ocean_breadcrumbs_separator_color":"","ocean_breadcrumbs_links_color":"","ocean_breadcrumbs_links_hover_color":"","ocean_display_footer_widgets":"default","ocean_display_footer_bottom":"default","ocean_custom_footer_template":"0","footnotes":""},"yst_prominent_words":[],"class_list":["post-3","page","type-page","status-publish","hentry","entry"],"_links":{"self":[{"href":"https:\/\/step2digital.com\/bs\/wp-json\/wp\/v2\/pages\/3"}],"collection":[{"href":"https:\/\/step2digital.com\/bs\/wp-json\/wp\/v2\/pages"}],"about":[{"href":"https:\/\/step2digital.com\/bs\/wp-json\/wp\/v2\/types\/page"}],"author":[{"embeddable":true,"href":"https:\/\/step2digital.com\/bs\/wp-json\/wp\/v2\/users\/3"}],"replies":[{"embeddable":true,"href":"https:\/\/step2digital.com\/bs\/wp-json\/wp\/v2\/comments?post=3"}],"version-history":[{"count":2,"href":"https:\/\/step2digital.com\/bs\/wp-json\/wp\/v2\/pages\/3\/revisions"}],"predecessor-version":[{"id":2483,"href":"https:\/\/step2digital.com\/bs\/wp-json\/wp\/v2\/pages\/3\/revisions\/2483"}],"wp:attachment":[{"href":"https:\/\/step2digital.com\/bs\/wp-json\/wp\/v2\/media?parent=3"}],"wp:term":[{"taxonomy":"yst_prominent_words","embeddable":true,"href":"https:\/\/step2digital.com\/bs\/wp-json\/wp\/v2\/yst_prominent_words?post=3"}],"curies":[{"name":"wp","href":"https:\/\/api.w.org\/{rel}","templated":true}]}}